{"id":828,"date":"2024-02-15T20:48:31","date_gmt":"2024-02-15T20:48:31","guid":{"rendered":"http:\/\/tessiyeah.larskroeger.de\/?page_id=828"},"modified":"2026-01-21T13:53:49","modified_gmt":"2026-01-21T13:53:49","slug":"imprint","status":"publish","type":"page","link":"https:\/\/tessitura.io\/en\/impressum\/","title":{"rendered":"Imprint"},"content":{"rendered":"<div data-elementor-type=\"wp-page\" data-elementor-id=\"828\" class=\"elementor elementor-828\" data-elementor-post-type=\"page\">\n\t\t\t\t<div class=\"elementor-element elementor-element-420233dc e-con-full e-flex e-con e-parent\" data-id=\"420233dc\" data-element_type=\"container\" data-e-type=\"container\">\n\t\t\t\t<div class=\"elementor-element elementor-element-32ccbc1 elementor-invisible elementor-widget elementor-widget-text-editor\" data-id=\"32ccbc1\" data-element_type=\"widget\" data-e-type=\"widget\" data-settings=\"{&quot;_animation&quot;:&quot;fadeIn&quot;,&quot;_animation_delay&quot;:500}\" data-widget_type=\"text-editor.default\">\n\t\t\t\t<div class=\"elementor-widget-container\">\n\t\t\t\t\t\t\t\t\t<h2>Imprint<\/h2><p><b>Tessitura GmbH<\/b><br \/>Krefelder Street 658<br \/>41066 M\u00f6nchengladbach<br \/>Germany<br \/>e-mail:\u00a0<a href=\"mailto:hello@tessitura.io\">hello@tessitura.io<\/a><br \/>Telephone number: +49 (0) 2161 6597 100<\/p><p><strong>Managing Director<br \/><\/strong>Stephan Steuber<\/p><p><strong>Register court:<br \/><\/strong>AG M\u00f6nchengladbach<br \/>HRB 20575<\/p><p>Sales tax identification number:<br \/>DE 120 435 989<\/p><p><strong>Responsible according to \u00a7 18 Abs. 2 MStV:<br \/><\/strong>Stephan Steuber<br \/><br \/><strong>General:<br \/><\/strong>We are not willing or obliged to participate in dispute resolution proceedings before a consumer arbitration board.<\/p><p><b>Picture credits:<br \/><\/b><span style=\"color: var( --e-global-color-text ); text-align: var(--text-align); background-color: var( --e-global-color-9003673 ); font-size: 1.2rem; letter-spacing: -0.2px;\">Illustrations @ freepik<br \/>Photo Bernd Zipper @zipcon Consulting<br \/>Photo Stephan Steuber @ Uwe Grunwald<\/span><\/p><p><b>Design and programming:<br \/><\/b><a style=\"text-align: var(--text-align); font-size: 1.2rem; letter-spacing: -0.2px;\" href=\"https:\/\/kroeger-grafikdesign.de\/\" target=\"_blank\" rel=\"noopener\">kroeger-grafikdesign.de<\/a><\/p>\t\t\t\t\t\t\t\t<\/div>\n\t\t\t\t<\/div>\n\t\t\t\t<div class=\"elementor-element elementor-element-56f4e47b elementor-widget elementor-widget-text-editor\" data-id=\"56f4e47b\" data-element_type=\"widget\" data-e-type=\"widget\" data-widget_type=\"text-editor.default\">\n\t\t\t\t<div class=\"elementor-widget-container\">\n\t\t\t\t\t\t\t\t\t<p>Note: Only the German-language version of these GTC is bindingly agreed between the parties. Insofar as Tessitura provides translations of these GTC, these are for information purposes only. In the event of contradictions, the German version shall prevail.<\/p>\t\t\t\t\t\t\t\t<\/div>\n\t\t\t\t<\/div>\n\t\t\t\t<\/div>\n\t\t<div class=\"elementor-element elementor-element-550bd878 e-flex e-con-boxed e-con e-parent\" data-id=\"550bd878\" data-element_type=\"container\" data-e-type=\"container\">\n\t\t\t\t\t<div class=\"e-con-inner\">\n\t\t\t\t\t<\/div>\n\t\t\t\t<\/div>\n\t\t\t\t<\/div>","protected":false},"excerpt":{"rendered":"<p>Impressum Tessitura GmbHKrefelder Stra\u00dfe 65841066 M\u00f6nchengladbachDeutschlandE-Mail:\u00a0hello@tessitura.ioTelefonnummer: +49 (0) 2161 6597 100 Gesch\u00e4ftsf\u00fchrerStephan Steuber Registergericht:AG M\u00f6nchengladbachHRB 20575 Umsatzsteuer-Identifikationsnummer:DE 120 435 989 Verantwortlicher gem. \u00a7 18 Abs. 2 MStV:Stephan Steuber Allgemein:Wir sind nicht bereit oder verpflichtet, an Streitbeilegungsverfahren vor einer Verbraucherschlichtungsstelle teilzunehmen. Quellennachweis Bildmaterial:Illustrationen @ freepikFoto Bernd Zipper @zipcon ConsultingFoto Stephan Steuber @ Uwe Grunwald Gestaltung und [&hellip;]<\/p>\n","protected":false},"author":1,"featured_media":0,"parent":0,"menu_order":0,"comment_status":"closed","ping_status":"closed","template":"","meta":{"footnotes":""},"class_list":["post-828","page","type-page","status-publish","hentry"],"_links":{"self":[{"href":"https:\/\/tessitura.io\/en\/wp-json\/wp\/v2\/pages\/828","targetHints":{"allow":["GET"]}}],"collection":[{"href":"https:\/\/tessitura.io\/en\/wp-json\/wp\/v2\/pages"}],"about":[{"href":"https:\/\/tessitura.io\/en\/wp-json\/wp\/v2\/types\/page"}],"author":[{"embeddable":true,"href":"https:\/\/tessitura.io\/en\/wp-json\/wp\/v2\/users\/1"}],"replies":[{"embeddable":true,"href":"https:\/\/tessitura.io\/en\/wp-json\/wp\/v2\/comments?post=828"}],"version-history":[{"count":43,"href":"https:\/\/tessitura.io\/en\/wp-json\/wp\/v2\/pages\/828\/revisions"}],"predecessor-version":[{"id":3383,"href":"https:\/\/tessitura.io\/en\/wp-json\/wp\/v2\/pages\/828\/revisions\/3383"}],"wp:attachment":[{"href":"https:\/\/tessitura.io\/en\/wp-json\/wp\/v2\/media?parent=828"}],"curies":[{"name":"wp","href":"https:\/\/api.w.org\/{rel}","templated":true}]}}